{"id":6,"date":"2022-06-13T07:02:14","date_gmt":"2022-06-13T07:02:14","guid":{"rendered":"https:\/\/www.ipc-africa.world\/?page_id=6"},"modified":"2024-04-10T08:00:53","modified_gmt":"2024-04-10T08:00:53","slug":"about-us","status":"publish","type":"page","link":"https:\/\/www.ipc-africa.world\/vi\/about-us\/","title":{"rendered":"V\u1ec1 ch\u00fang t\u00f4i"},"content":{"rendered":"<p>H\u1ed9i \u0111\u1ed3ng C\u1ea7u nguy\u1ec7n Ch\u00e2u Phi l\u00e0 m\u1ed9t m\u1ea1ng l\u01b0\u1edbi l\u1ee5c \u0111\u1ecba g\u1ed3m c\u00e1c t\u1ed5 ch\u1ee9c truy\u1ec1n gi\u00e1o v\u00e0 c\u1ea7u nguy\u1ec7n Ch\u00e2u Phi, c\u00e1c m\u1ee5c v\u1ee5, c\u01a1 quan truy\u1ec1n gi\u00e1o v\u00e0 Gi\u00e1o h\u1ed9i. Ch\u00fang t\u00f4i li\u00ean k\u1ebft ch\u1eb7t ch\u1ebd v\u1edbi K\u1ebft n\u1ed1i c\u1ea7u nguy\u1ec7n qu\u1ed1c t\u1ebf.<\/p>\n\n\n\n<h2 class=\"wp-block-heading\">1. Gi\u1edbi thi\u1ec7u K\u1ebft n\u1ed1i C\u1ea7u nguy\u1ec7n Qu\u1ed1c t\u1ebf<\/h2>\n\n\n\n<p>K\u1ebft n\u1ed1i c\u1ea7u nguy\u1ec7n qu\u1ed1c t\u1ebf l\u00e0 m\u1ed9t li\u00ean minh g\u1ed3m h\u01a1n 5.000 m\u1ea1ng l\u01b0\u1edbi c\u1ea7u nguy\u1ec7n Kit\u00f4 gi\u00e1o, c\u00e1c t\u1ed5 ch\u1ee9c, Nh\u00e0 c\u1ea7u nguy\u1ec7n, c\u00e1c nh\u00e0 l\u00e3nh \u0111\u1ea1o c\u1ea7u nguy\u1ec7n v\u00e0 nh\u1eefng ng\u01b0\u1eddi c\u1ea7u nguy\u1ec7n c\u00f3 chung t\u1ea7m nh\u00ecn \u0111\u1ec3 huy \u0111\u1ed9ng v\u00e0 trang b\u1ecb cho l\u1eddi c\u1ea7u nguy\u1ec7n tr\u00ean to\u00e0n th\u1ebf gi\u1edbi \u0111\u1ec3 \u0111\u01b0\u1ee3c ban ph\u01b0\u1edbc, ch\u1eefa l\u00e0nh v\u00e0 bi\u1ebfn \u0111\u1ed5i c\u00e1c qu\u1ed1c gia.<\/p>\n\n\n\n<p>Ch\u00fang t\u00f4i mong mu\u1ed1n th\u1ef1c hi\u1ec7n \u0111i\u1ec1u n\u00e0y th\u00f4ng qua c\u00e1c s\u1ef1 ki\u1ec7n nh\u01b0 \u0110\u1ea1i h\u1ed9i c\u1ea7u nguy\u1ec7n th\u1ebf gi\u1edbi v\u00e0 phong tr\u00e0o &#039;L\u00e0n s\u00f3ng m\u1edbi&#039; \u0111ang di\u1ec5n ra, c\u00e1c cu\u1ed9c tham v\u1ea5n v\u00e0 h\u1ed9i ngh\u1ecb th\u01b0\u1ee3ng \u0111\u1ec9nh d\u1ef1a tr\u00ean c\u00e1c v\u1ea5n \u0111\u1ec1 v\u00e0 khu v\u1ef1c, quan h\u1ec7 \u0111\u1ed1i t\u00e1c v\u1edbi c\u00e1c phong tr\u00e0o v\u00e0 m\u1ea1ng l\u01b0\u1edbi th\u00e0nh vi\u00ean kh\u00e1c. v\u00e0 th\u00f4ng qua g\u1eb7p m\u1eb7t tr\u1ef1c ti\u1ebfp v\u00e0 m\u1ea1ng tr\u1ef1c tuy\u1ebfn.<\/p>\n\n\n\n<p>C\u00e1c t\u1ed5 ch\u1ee9c v\u00e0 s\u00e1ng ki\u1ebfn \u0111\u1ed1i t\u00e1c c\u1ee7a ch\u00fang t\u00f4i bao g\u1ed3m: C\u1eeda s\u1ed5 4-14, Phong tr\u00e0o c\u1ea7u nguy\u1ec7n 24\/7, Chi\u1ebfn d\u1ecbch t\u1ea1i tr\u01b0\u1eddng cho Ch\u00faa Kit\u00f4, M\u1ecdi ng\u00f4i nh\u00e0 cho Ch\u00faa Kit\u00f4, Li\u00ean minh to\u00e0n c\u1ea7u v\u00ec s\u1ef1 nh\u00e2n r\u1ed9ng c\u1ee7a Gi\u00e1o h\u1ed9i, Ng\u00e0y c\u1ea7u nguy\u1ec7n to\u00e0n c\u1ea7u, Go 2020, IHOP, Transform World v\u00e0 nhi\u1ec1u t\u1ed5 ch\u1ee9c kh\u00e1c.<\/p>\n\n\n\n<p>C\u00e1ch ti\u1ebfp c\u1eadn c\u1ee7a ch\u00fang t\u00f4i l\u00e0 \u0111a th\u1ebf h\u1ec7. Ch\u00fang t\u00f4i tin t\u01b0\u1edfng v\u00e0o vi\u1ec7c trang b\u1ecb v\u00e0 \u0111\u00e0o t\u1ea1o nh\u1eefng ng\u01b0\u1eddi tr\u1ebb tu\u1ed5i tr\u1edf th\u00e0nh nh\u1eefng nh\u00e0 l\u00e3nh \u0111\u1ea1o c\u1ee7a ng\u00e0y h\u00f4m nay. IPC l\u00e0 m\u1ed9t \u0111\u1ed1i t\u00e1c t\u00edch c\u1ef1c v\u00e0 l\u00e0 ch\u1ea5t x\u00fac t\u00e1c cho phong tr\u00e0o Tr\u1ebb Em C\u1ea7u Nguy\u1ec7n.<\/p>\n\n\n\n<p>Ch\u00fang t\u00f4i c\u0169ng \u0111ang l\u00e0m vi\u1ec7c v\u1edbi phong tr\u00e0o thanh ni\u00ean UPRISING (United Prayer Rising) xu\u1ea5t hi\u1ec7n t\u1eeb \u0110\u1ea1i h\u1ed9i L\u1eddi c\u1ea7u nguy\u1ec7n v\u00e0o n\u0103m 2012 \u0111\u1ec3 t\u1eadp trung Th\u00e2n th\u1ec3 \u0110\u1ea5ng Christ v\u00e0o th\u1ebf h\u1ec7 ti\u1ebfp theo v\u00e0 khuy\u1ebfn kh\u00edch gi\u1edbi tr\u1ebb th\u1ef1c hi\u1ec7n s\u1ee9 m\u1ec7nh \u0111\u1ed9c nh\u1ea5t m\u00e0 \u0110\u1ee9c Ch\u00faa Tr\u1eddi d\u00e0nh cho m\u1ed7i ng\u01b0\u1eddi trong s\u1ed1 h\u1ecd.<\/p>\n\n\n\n<p>IPC \u0111\u01b0\u1ee3c l\u00e3nh \u0111\u1ea1o b\u1edfi H\u1ed9i \u0111\u1ed3ng C\u1ea7u nguy\u1ec7n Qu\u1ed1c t\u1ebf, bao g\u1ed3m 24 nh\u00e0 l\u00e3nh \u0111\u1ea1o c\u1ee7a c\u00e1c s\u00e1ng ki\u1ebfn c\u1ea7u nguy\u1ec7n khu v\u1ef1c v\u00e0 qu\u1ed1c t\u1ebf. N\u00f3 \u0111\u01b0\u1ee3c h\u1ed7 tr\u1ee3 t\u00e0i ch\u00ednh ch\u1ee7 y\u1ebfu b\u1edfi s\u1ef1 \u0111\u00f3ng g\u00f3p c\u00e1 nh\u00e2n v\u00e0 tr\u1ee3 c\u1ea5p t\u1eeb T\u1ed5 ch\u1ee9c C\u1ea7u nguy\u1ec7n Chuy\u1ec3n \u0111\u1ed5i.<\/p>\n\n\n\n<p>Ch\u00fang t\u00f4i l\u00e0 m\u1ed9t t\u1ed5 ch\u1ee9c t\u1ef1 nguy\u1ec7n v\u00e0 ph\u1ee5 thu\u1ed9c v\u00e0o s\u1ef1 \u0111\u00f3ng g\u00f3p, di s\u1ea3n v\u00e0 h\u1ed7 tr\u1ee3 thi\u1ebft th\u1ef1c \u0111\u1ec3 ti\u1ebfp t\u1ee5c c\u00f4ng vi\u1ec7c v\u00e0 t\u1ea7m nh\u00ecn k\u1ebft n\u1ed1i nh\u1eefng ng\u01b0\u1eddi c\u1ee7a \u0110\u1ea5ng Christ tr\u00ean to\u00e0n th\u1ebf gi\u1edbi trong l\u1eddi c\u1ea7u nguy\u1ec7n bi\u1ebfn \u0111\u1ed5i.<\/p>\n\n\n\n<figure class=\"wp-block-image size-full\"><img loading=\"lazy\" decoding=\"async\" width=\"1200\" height=\"675\" src=\"https:\/\/www.ipc-africa.world\/wp-content\/uploads\/2024\/04\/IPC-Cairo-PPT-V1f.jpg\" alt=\"\" class=\"wp-image-379\" srcset=\"https:\/\/www.ipc-africa.world\/wp-content\/uploads\/2024\/04\/IPC-Cairo-PPT-V1f.jpg 1200w, https:\/\/www.ipc-africa.world\/wp-content\/uploads\/2024\/04\/IPC-Cairo-PPT-V1f-380x214.jpg 380w, https:\/\/www.ipc-africa.world\/wp-content\/uploads\/2024\/04\/IPC-Cairo-PPT-V1f-768x432.jpg 768w, https:\/\/www.ipc-africa.world\/wp-content\/uploads\/2024\/04\/IPC-Cairo-PPT-V1f-18x10.jpg 18w\" sizes=\"auto, (max-width: 1200px) 100vw, 1200px\" \/><\/figure>\n\n\n\n<h2 class=\"wp-block-heading\">1.1 S\u1ee8 M\u1ec6NH C\u1ee6A CH\u00daNG T\u00d4I<\/h2>\n\n\n\n<p>&#039;B\u1ecb Ch\u00faa th\u00f4i th\u00fac t\u00ecm ki\u1ebfm vinh quang c\u1ee7a Ch\u00faa Kit\u00f4 tr\u00ean to\u00e0n th\u1ebf gi\u1edbi \u0111\u1ec3 ban ph\u01b0\u1edbc, ch\u1eefa l\u00e0nh v\u00e0 bi\u1ebfn \u0111\u1ed5i c\u00e1c qu\u1ed1c gia, H\u1ed9i \u0111\u1ed3ng C\u1ea7u nguy\u1ec7n Qu\u1ed1c t\u1ebf t\u1ed3n t\u1ea1i nh\u01b0 m\u1ed9t li\u00ean minh g\u1ed3m nh\u1eefng ng\u01b0\u1eddi v\u1eadn \u0111\u1ed9ng v\u00e0 m\u1ea1ng l\u01b0\u1edbi c\u1ea7u nguy\u1ec7n l\u00e0m vi\u1ec7c c\u00f9ng nhau \u0111\u1ec3 th\u00fac \u0111\u1ea9y, ph\u00e1t tri\u1ec3n v\u00e0 trang b\u1ecb cho c\u00e1c phong tr\u00e0o qu\u1ed1c gia v\u00e0 nh\u00e0 th\u1edd \u0111\u1ecba ph\u01b0\u01a1ng \u0111\u1ec3 l\u1ea5p \u0111\u1ea7y t\u1ea5t c\u1ea3 c\u00e1c qu\u1ed1c gia v\u1edbi l\u1eddi c\u1ea7u nguy\u1ec7n \u0111\u1ec3 th\u1ef1c hi\u1ec7n \u0110i\u1ec1u R\u0103n L\u1edbn v\u00e0 ho\u00e0n th\u00e0nh \u0110\u1ea1i M\u1ea1ng L\u1ec7nh.&#039;<\/p>\n\n\n\n<h2 class=\"wp-block-heading\">1.2 T\u1ea6M NH\u00ccN C\u1ee6A CH\u00daNG T\u00d4I<\/h2>\n\n\n\n<p>&#039;T\u00f4n vinh Ch\u00faa Gi\u00ea-su, x\u00fac t\u00e1c cho l\u1eddi c\u1ea7u nguy\u1ec7n th\u1ed1ng nh\u1ea5t gi\u1eefa c\u00e1c qu\u1ed1c gia, gi\u00e1o ph\u00e1i, phong tr\u00e0o v\u00e0 th\u1ebf h\u1ec7 \u0111\u1ec3 ho\u00e0n th\u00e0nh \u0110\u1ea1i m\u1ea1ng l\u1ec7nh.&#039;<\/p>\n\n\n\n<h2 class=\"wp-block-heading\">1.3 M\u1ee4C \u0110\u00cdCH C\u1ee6A CH\u00daNG T\u00d4I<\/h2>\n\n\n\n<p>&#039;C\u1ea7u mong Con Chi\u00ean \u0111\u00e3 b\u1ecb gi\u1ebft nh\u1eadn \u0111\u01b0\u1ee3c ph\u1ea7n th\u01b0\u1edfng x\u1ee9ng \u0111\u00e1ng cho s\u1ef1 \u0111au kh\u1ed5 c\u1ee7a Ng\u00e0i&#039; (M\u1eadt kh\u1ea9u c\u1ee7a ng\u01b0\u1eddi Moravian)<\/p>\n\n\n\n<p>&#039;Chi\u00ean Con \u0111\u00e3 b\u1ecb gi\u1ebft \u0111\u00e1ng \u0111\u01b0\u1ee3c quy\u1ec1n n\u0103ng, gi\u00e0u sang, kh\u00f4n ngoan, s\u1ee9c m\u1ea1nh, danh d\u1ef1, vinh quang v\u00e0 ng\u1ee3i khen!&#039; Kh\u1ea3i Huy\u1ec1n 5:12<\/p>\n\n\n\n<p>&#039;T\u00ean t\u00f4i s\u1ebd v\u0129 \u0111\u1ea1i gi\u1eefa c\u00e1c qu\u1ed1c gia, t\u1eeb n\u01a1i m\u1eb7t tr\u1eddi m\u1ecdc \u0111\u1ebfn n\u01a1i m\u1eb7t tr\u1eddi l\u1eb7n. Kh\u1eafp n\u01a1i ng\u01b0\u1eddi ta s\u1ebd d\u00e2ng h\u01b0\u01a1ng v\u00e0 l\u1ec5 v\u1eadt tinh khi\u1ebft cho ta, v\u00ec danh ta s\u1ebd \u0111\u01b0\u1ee3c t\u00f4n cao gi\u1eefa c\u00e1c n\u01b0\u1edbc,&#039; Ch\u00faa H\u1eb1ng H\u1eefu V\u1ea1n Qu\u00e2n ph\u00e1n v\u1eady.&#039; Mal 1:11<\/p>\n\n\n\n<p>&#039;V\u00ec tr\u00e1i \u0111\u1ea5t s\u1ebd tr\u00e0n ng\u1eadp s\u1ef1 hi\u1ec3u bi\u1ebft v\u1ec1 vinh quang c\u1ee7a Ch\u00faa nh\u01b0 n\u01b0\u1edbc bao ph\u1ee7 bi\u1ec3n.&#039; Ha-ba-c\u00fac 2:14 (ESV)<\/p>\n\n\n\n<h2 class=\"wp-block-heading\">1.4 GI\u00c1 TR\u1eca C\u1ee6A CH\u00daNG T\u00d4I<\/h2>\n\n\n\n<ol class=\"wp-block-list\">\n<li>l\u1ea5y \u0110\u1ea5ng Christ l\u00e0m trung t\u00e2m<\/li>\n\n\n\n<li>Kinh th\u00e1nh b\u00e3o h\u00f2a<\/li>\n\n\n\n<li>\u0111\u1ed9ng l\u1ef1c t\u00ecnh y\u00eau<\/li>\n\n\n\n<li>m\u00f4n \u0111\u1ed3 h\u00f3a<\/li>\n\n\n\n<li>t\u0103ng c\u01b0\u1eddng tinh th\u1ea7n<\/li>\n\n\n\n<li>\u0111o\u00e0n k\u1ebft d\u1eabn \u0111\u1ea7u<\/li>\n\n\n\n<li>T\u1eadp trung qu\u1ed1c t\u1ebf<\/li>\n<\/ol>\n\n\n\n<figure class=\"wp-block-image size-full\"><img loading=\"lazy\" decoding=\"async\" width=\"1920\" height=\"1080\" src=\"https:\/\/www.ipc-africa.world\/wp-content\/uploads\/2024\/04\/Africa-Map-HD.jpg\" alt=\"\" class=\"wp-image-385\" srcset=\"https:\/\/www.ipc-africa.world\/wp-content\/uploads\/2024\/04\/Africa-Map-HD.jpg 1920w, https:\/\/www.ipc-africa.world\/wp-content\/uploads\/2024\/04\/Africa-Map-HD-380x214.jpg 380w, https:\/\/www.ipc-africa.world\/wp-content\/uploads\/2024\/04\/Africa-Map-HD-768x432.jpg 768w, https:\/\/www.ipc-africa.world\/wp-content\/uploads\/2024\/04\/Africa-Map-HD-1536x864.jpg 1536w, https:\/\/www.ipc-africa.world\/wp-content\/uploads\/2024\/04\/Africa-Map-HD-18x10.jpg 18w\" sizes=\"auto, (max-width: 1920px) 100vw, 1920px\" \/><\/figure>\n\n\n\n<h2 class=\"wp-block-heading\">C\u00c1C L\u0128NH V\u1ef0C TR\u1eccNG T\u00c2M IPC 7 TRONG M\u1ed6I TRONG 15 KHU V\u1ef0C C\u1ee6A CH\u00daNG T\u00d4I<\/h2>\n\n\n\n<h3 class=\"wp-block-heading\">1. Huy \u0111\u1ed9ng c\u00e1c S\u00e1ng ki\u1ebfn v\u00e0 T\u1eadp h\u1ee3p C\u1ea7u nguy\u1ec7n To\u00e0n c\u1ea7u<\/h3>\n\n\n\n<p>X\u00e2y d\u1ef1ng t\u00e1n c\u1ea7u nguy\u1ec7n 24\/7 \u2013 Ph\u00f2ng c\u1ea7u nguy\u1ec7n gia \u0111\u00ecnh to\u00e0n c\u1ea7u<br>H\u1ee3p t\u00e1c v\u1edbi c\u00e1c Gi\u00e1o h\u1ed9i\/Gi\u00e1o ph\u00e1i \u0111\u1ecba ph\u01b0\u01a1ng\/DMM, Ti\u1ebfng n\u00f3i C\u1ea7u nguy\u1ec7n To\u00e0n c\u1ea7u,<br>GACX, FTT, Go Decade, Ethne, IHOP-KC, 24-7, Watchman for the Nations<br>IPC Family Forum \u2013 X\u00e2y D\u1ef1ng Quan H\u1ec7 Gia \u0110\u00ecnh<\/p>\n\n\n\n<h3 class=\"wp-block-heading\">2. Nu\u00f4i d\u01b0\u1ee1ng th\u1ebf h\u1ec7 t\u01b0\u01a1ng lai v\u00e0 tr\u1ebb em trong c\u00e1c phong tr\u00e0o c\u1ea7u nguy\u1ec7n<\/h3>\n\n\n\n<p>H\u1ee3p t\u00e1c v\u1edbi Giao \u01b0\u1edbc c\u1ea7u nguy\u1ec7n cho tr\u1ebb em, CIP, 4-14<br>Thanh ni\u00ean v\u00e0 Thanh thi\u1ebfu ni\u00ean \u2013 N\u1ed5i d\u1eady<\/p>\n\n\n\n<h3 class=\"wp-block-heading\">3. \u0110\u00f3ng vai tr\u00f2 l\u00e0 Ng\u01b0\u1eddi canh g\u00e1c - C\u1ea7u nguy\u1ec7n chi\u1ebfn \u0111\u1ea5u t\u00e2m linh \u0111\u1ec3 \u0111\u1ed9t ph\u00e1<\/h3>\n\n\n\n<h3 class=\"wp-block-heading\">4. V\u1eadn \u0111\u1ed9ng c\u1ea7u nguy\u1ec7n cho nh\u1eefng ng\u01b0\u1eddi ch\u01b0a \u0111\u01b0\u1ee3c ti\u1ebfp c\u1eadn c\u00f2n s\u00f3t l\u1ea1i<\/h3>\n\n\n\n<p>H\u1ee3p t\u00e1c v\u1edbi RUN\/Antioch, Ethne, FTT, Operation World v\u00e0 EHC-Oikos<\/p>\n\n\n\n<h3 class=\"wp-block-heading\">5. X\u00e2y d\u1ef1ng \u0110\u1ed9i ng\u0169 Chi\u1ebfn l\u01b0\u1ee3c trong t\u1eebng l\u0129nh v\u1ef1c trong s\u1ed1 7 l\u0129nh v\u1ef1c \u1ea2nh h\u01b0\u1edfng V\u0103n h\u00f3a<\/h3>\n\n\n\n<p>Ngh\u1ec7 thu\u1eadt v\u00e0 Truy\u1ec1n th\u00f4ng\/K\u1ef9 thu\u1eadt s\u1ed1, Kinh doanh, Nh\u00e0 th\u1edd, B\u00e1c s\u0129\/S\u1ee9c kh\u1ecfe, Gi\u00e1o d\u1ee5c, Gia \u0111\u00ecnh, Ch\u00ednh ph\u1ee7<br>S\u1ef1 c\u1ea7u thay c\u00f3 hi\u1ec3u bi\u1ebft \u0111\u1ec3 \u0111\u01b0\u1ee3c bi\u1ebfn \u0111\u1ed5i, 1 Ti-m\u00f4-th\u00ea 2:1-5<\/p>\n\n\n\n<h3 class=\"wp-block-heading\">6. Trang b\u1ecb, \u0110\u00e0o t\u1ea1o v\u00e0 Nghi\u00ean c\u1ee9u<\/h3>\n\n\n\n<p>\u0110\u00e0o t\u1ea1o d\u1ef1a tr\u00ean web, h\u1ed9i th\u1ea3o, s\u00e1ch v\u00e0 video \u0111\u1ec3 trang b\u1ecb cho nh\u00e0 th\u1edd \u1edf c\u00e1c qu\u1ed1c gia th\u00e0nh t\u00e2m c\u1ea7u nguy\u1ec7n.<\/p>\n\n\n\n<h3 class=\"wp-block-heading\">truy\u1ec1n th\u00f4ng<\/h3>\n\n\n\n<p>Ph\u00e1t tri\u1ec3n H\u01b0\u1edbng d\u1eabn C\u1ea7u nguy\u1ec7n v\u00e0 B\u00e1o c\u00e1o Khen ng\u1ee3i, K\u1ebft n\u1ed1i B\u1ea3n tin \u0110i\u1ec7n t\u1eed, Trang web, ph\u01b0\u01a1ng ti\u1ec7n truy\u1ec1n th\u00f4ng x\u00e3 h\u1ed9i<\/p>\n\n\n\n<p><strong>H\u1ee3p t\u00e1c v\u1edbi M\u1ea1ng l\u01b0\u1edbi c\u1ea7u nguy\u1ec7n khu v\u1ef1c ch\u00e2u Phi<\/strong><\/p>\n\n\n\n<p><strong>Th\u00eam th\u00f4ng tin v\u00e0 tham gia?<\/strong> \u2013 n\u1ebfu b\u1ea1n ph\u00f9 h\u1ee3p v\u1edbi t\u1ea7m nh\u00ecn v\u00e0 s\u1ee9 m\u1ec7nh c\u1ee7a ch\u00fang t\u00f4i, \u0111\u1ed3ng th\u1eddi mu\u1ed1n kh\u00e1m ph\u00e1 th\u00eam v\u1ec1 c\u00e1ch m\u1ea1ng l\u01b0\u1edbi qu\u1ed1c gia ho\u1eb7c khu v\u1ef1c c\u1ee7a b\u1ea1n c\u00f3 th\u1ec3 mu\u1ed1n h\u1ee3p t\u00e1c v\u1edbi IPC, vui l\u00f2ng li\u00ean h\u1ec7 <a href=\"https:\/\/www.ipc-africa.world\/vi\/contact-us\/\" target=\"_blank\" rel=\"noreferrer noopener\">\u0110\u00c2Y<\/a>. Ch\u00fang t\u00f4i mong ch\u1edd tin t\u1eeb b\u1ea1n.<\/p>","protected":false},"excerpt":{"rendered":"<p>The African Prayer Council is a continental network of African prayer and mission organisations, ministries, missions and Churches. We are closely affiliated to International Prayer Connect. 1. Introducing International Prayer Connect International Prayer Connect is a coalition of more than 5,000 Christian prayer networks, organisations, Houses of Prayer, prayer leaders and praying people who share [&hellip;]<\/p>\n","protected":false},"author":1,"featured_media":383,"parent":0,"menu_order":0,"comment_status":"closed","ping_status":"closed","template":"","meta":{"_acf_changed":false,"footnotes":""},"class_list":["post-6","page","type-page","status-publish","has-post-thumbnail","hentry"],"acf":[],"rankMath":{"parentDomain":"ipc-africa.world","noFollowDomains":[],"noFollowExcludeDomains":[],"noFollowExternalLinks":false,"featuredImageNotice":"H\u00ecnh \u1ea3nh n\u1ed5i b\u1eadt n\u00ean c\u00f3 k\u00edch th\u01b0\u1edbc \u00edt nh\u1ea5t 200 x 200 pixel \u0111\u1ec3 \u0111\u01b0\u1ee3c Facebook v\u00e0 c\u00e1c trang m\u1ea1ng x\u00e3 h\u1ed9i kh\u00e1c ch\u1ecdn.","pluginReviewed":false,"postSettings":{"linkSuggestions":true,"useFocusKeyword":false},"frontEndScore":false,"postName":"about-us","permalinkFormat":"https:\/\/www.ipc-africa.world\/vi\/%pagename%\/","showLockModifiedDate":true,"assessor":{"focusKeywordLink":"https:\/\/www.ipc-africa.world\/wp-admin\/edit.php?focus_keyword=%focus_keyword%&post_type=%post_type%","hasTOCPlugin":false,"primaryTaxonomy":false,"serpData":{"title":"","description":"","focusKeywords":"","pillarContent":false,"canonicalUrl":"","breadcrumbTitle":"","advancedRobots":[],"facebookTitle":"","facebookDescription":"","facebookImage":"","facebookImageID":"","facebookHasOverlay":false,"facebookImageOverlay":"","facebookAuthor":"","twitterCardType":"","twitterUseFacebook":true,"twitterTitle":"","twitterDescription":"","twitterImage":"","twitterImageID":"","twitterHasOverlay":false,"twitterImageOverlay":"","twitterPlayerUrl":"","twitterPlayerSize":"","twitterPlayerStream":"","twitterPlayerStreamCtype":"","twitterAppDescription":"","twitterAppIphoneName":"","twitterAppIphoneID":"","twitterAppIphoneUrl":"","twitterAppIpadName":"","twitterAppIpadID":"","twitterAppIpadUrl":"","twitterAppGoogleplayName":"","twitterAppGoogleplayID":"","twitterAppGoogleplayUrl":"","twitterAppCountry":"","robots":{"index":true},"twitterAuthor":"t\u00ean ng\u01b0\u1eddi d\u00f9ng","primaryTerm":0,"authorName":"admin","titleTemplate":"%title% %sep% %sitename%","descriptionTemplate":"%excerpt%","showScoreFrontend":true,"lockModifiedDate":false},"powerWords":[],"diacritics":{"A":"[\\u0041\\u24B6\\uFF21\\u00C0\\u00C1\\u00C2\\u1EA6\\u1EA4\\u1EAA\\u1EA8\\u00C3\\u0100\\u0102\\u1EB0\\u1EAE\\u1EB4\\u1EB2\\u0226\\u01E0\\u00C4\\u01DE\\u1EA2\\u00C5\\u01FA\\u01CD\\u0200\\u0202\\u1EA0\\u1EAC\\u1EB6\\u1E00\\u0104\\u023A\\u2C6F]","AA":"[\\uA732]","AE":"[\\u00C6\\u01FC\\u01E2]","AO":"[\\uA734]","AU":"[\\uA736]","AV":"[\\uA738\\uA73A]","AY":"[\\uA73C]","B":"[\\u0042\\u24B7\\uFF22\\u1E02\\u1E04\\u1E06\\u0243\\u0182\\u0181]","C":"[\\u0043\\u24B8\\uFF23\\u0106\\u0108\\u010A\\u010C\\u00C7\\u1E08\\u0187\\u023B\\uA73E]","D":"[\\u0044\\u24B9\\uFF24\\u1E0A\\u010E\\u1E0C\\u1E10\\u1E12\\u1E0E\\u0110\\u018B\\u018A\\u0189\\uA779]","DZ":"[\\u01F1\\u01C4]","Dz":"[\\u01F2\\u01C5]","E":"[\\u0045\\u24BA\\uFF25\\u00C8\\u00C9\\u00CA\\u1EC0\\u1EBE\\u1EC4\\u1EC2\\u1EBC\\u0112\\u1E14\\u1E16\\u0114\\u0116\\u00CB\\u1EBA\\u011A\\u0204\\u0206\\u1EB8\\u1EC6\\u0228\\u1E1C\\u0118\\u1E18\\u1E1A\\u0190\\u018E]","F":"[\\u0046\\u24BB\\uFF26\\u1E1E\\u0191\\uA77B]","G":"[\\u0047\\u24BC\\uFF27\\u01F4\\u011C\\u1E20\\u011E\\u0120\\u01E6\\u0122\\u01E4\\u0193\\uA7A0\\uA77D\\uA77E]","H":"[\\u0048\\u24BD\\uFF28\\u0124\\u1E22\\u1E26\\u021E\\u1E24\\u1E28\\u1E2A\\u0126\\u2C67\\u2C75\\uA78D]","I":"[\\u0049\\u24BE\\uFF29\\u00CC\\u00CD\\u00CE\\u0128\\u012A\\u012C\\u0130\\u00CF\\u1E2E\\u1EC8\\u01CF\\u0208\\u020A\\u1ECA\\u012E\\u1E2C\\u0197]","J":"[\\u004A\\u24BF\\uFF2A\\u0134\\u0248]","K":"[\\u004B\\u24C0\\uFF2B\\u1E30\\u01E8\\u1E32\\u0136\\u1E34\\u0198\\u2C69\\uA740\\uA742\\uA744\\uA7A2]","L":"[\\u004C\\u24C1\\uFF2C\\u013F\\u0139\\u013D\\u1E36\\u1E38\\u013B\\u1E3C\\u1E3A\\u0141\\u023D\\u2C62\\u2C60\\uA748\\uA746\\uA780]","LJ":"[\\u01C7]","Lj":"[\\u01C8]","M":"[\\u004D\\u24C2\\uFF2D\\u1E3E\\u1E40\\u1E42\\u2C6E\\u019C]","N":"[\\u004E\\u24C3\\uFF2E\\u01F8\\u0143\\u00D1\\u1E44\\u0147\\u1E46\\u0145\\u1E4A\\u1E48\\u0220\\u019D\\uA790\\uA7A4]","NJ":"[\\u01CA]","Nj":"[\\u01CB]","O":"[\\u004F\\u24C4\\uFF2F\\u00D2\\u00D3\\u00D4\\u1ED2\\u1ED0\\u1ED6\\u1ED4\\u00D5\\u1E4C\\u022C\\u1E4E\\u014C\\u1E50\\u1E52\\u014E\\u022E\\u0230\\u00D6\\u022A\\u1ECE\\u0150\\u01D1\\u020C\\u020E\\u01A0\\u1EDC\\u1EDA\\u1EE0\\u1EDE\\u1EE2\\u1ECC\\u1ED8\\u01EA\\u01EC\\u00D8\\u01FE\\u0186\\u019F\\uA74A\\uA74C]","OI":"[\\u01A2]","OO":"[\\uA74E]","OU":"[\\u0222]","P":"[\\u0050\\u24C5\\uFF30\\u1E54\\u1E56\\u01A4\\u2C63\\uA750\\uA752\\uA754]","Q":"[\\u0051\\u24C6\\uFF31\\uA756\\uA758\\u024A]","R":"[\\u0052\\u24C7\\uFF32\\u0154\\u1E58\\u0158\\u0210\\u0212\\u1E5A\\u1E5C\\u0156\\u1E5E\\u024C\\u2C64\\uA75A\\uA7A6\\uA782]","S":"[\\u0053\\u24C8\\uFF33\\u1E9E\\u015A\\u1E64\\u015C\\u1E60\\u0160\\u1E66\\u1E62\\u1E68\\u0218\\u015E\\u2C7E\\uA7A8\\uA784]","T":"[\\u0054\\u24C9\\uFF34\\u1E6A\\u0164\\u1E6C\\u021A\\u0162\\u1E70\\u1E6E\\u0166\\u01AC\\u01AE\\u023E\\uA786]","TZ":"[\\uA728]","U":"[\\u0055\\u24CA\\uFF35\\u00D9\\u00DA\\u00DB\\u0168\\u1E78\\u016A\\u1E7A\\u016C\\u00DC\\u01DB\\u01D7\\u01D5\\u01D9\\u1EE6\\u016E\\u0170\\u01D3\\u0214\\u0216\\u01AF\\u1EEA\\u1EE8\\u1EEE\\u1EEC\\u1EF0\\u1EE4\\u1E72\\u0172\\u1E76\\u1E74\\u0244]","V":"[\\u0056\\u24CB\\uFF36\\u1E7C\\u1E7E\\u01B2\\uA75E\\u0245]","VY":"[\\uA760]","W":"[\\u0057\\u24CC\\uFF37\\u1E80\\u1E82\\u0174\\u1E86\\u1E84\\u1E88\\u2C72]","X":"[\\u0058\\u24CD\\uFF38\\u1E8A\\u1E8C]","Y":"[\\u0059\\u24CE\\uFF39\\u1EF2\\u00DD\\u0176\\u1EF8\\u0232\\u1E8E\\u0178\\u1EF6\\u1EF4\\u01B3\\u024E\\u1EFE]","Z":"[\\u005A\\u24CF\\uFF3A\\u0179\\u1E90\\u017B\\u017D\\u1E92\\u1E94\\u01B5\\u0224\\u2C7F\\u2C6B\\uA762]","a":"[\\u0061\\u24D0\\uFF41\\u1E9A\\u00E0\\u00E1\\u00E2\\u1EA7\\u1EA5\\u1EAB\\u1EA9\\u00E3\\u0101\\u0103\\u1EB1\\u1EAF\\u1EB5\\u1EB3\\u0227\\u01E1\\u00E4\\u01DF\\u1EA3\\u00E5\\u01FB\\u01CE\\u0201\\u0203\\u1EA1\\u1EAD\\u1EB7\\u1E01\\u0105\\u2C65\\u0250]","aa":"[\\uA733]","ae":"[\\u00E6\\u01FD\\u01E3]","ao":"[\\uA735]","au":"[\\uA737]","av":"[\\uA739\\uA73B]","ay":"[\\uA73D]","b":"[\\u0062\\u24D1\\uFF42\\u1E03\\u1E05\\u1E07\\u0180\\u0183\\u0253]","c":"[\\u0063\\u24D2\\uFF43\\u0107\\u0109\\u010B\\u010D\\u00E7\\u1E09\\u0188\\u023C\\uA73F\\u2184]","d":"[\\u0064\\u24D3\\uFF44\\u1E0B\\u010F\\u1E0D\\u1E11\\u1E13\\u1E0F\\u0111\\u018C\\u0256\\u0257\\uA77A]","dz":"[\\u01F3\\u01C6]","e":"[\\u0065\\u24D4\\uFF45\\u00E8\\u00E9\\u00EA\\u1EC1\\u1EBF\\u1EC5\\u1EC3\\u1EBD\\u0113\\u1E15\\u1E17\\u0115\\u0117\\u00EB\\u1EBB\\u011B\\u0205\\u0207\\u1EB9\\u1EC7\\u0229\\u1E1D\\u0119\\u1E19\\u1E1B\\u0247\\u025B\\u01DD]","f":"[\\u0066\\u24D5\\uFF46\\u1E1F\\u0192\\uA77C]","g":"[\\u0067\\u24D6\\uFF47\\u01F5\\u011D\\u1E21\\u011F\\u0121\\u01E7\\u0123\\u01E5\\u0260\\uA7A1\\u1D79\\uA77F]","h":"[\\u0068\\u24D7\\uFF48\\u0125\\u1E23\\u1E27\\u021F\\u1E25\\u1E29\\u1E2B\\u1E96\\u0127\\u2C68\\u2C76\\u0265]","hv":"[\\u0195]","i":"[\\u0069\\u24D8\\uFF49\\u00EC\\u00ED\\u00EE\\u0129\\u012B\\u012D\\u00EF\\u1E2F\\u1EC9\\u01D0\\u0209\\u020B\\u1ECB\\u012F\\u1E2D\\u0268\\u0131]","j":"[\\u006A\\u24D9\\uFF4A\\u0135\\u01F0\\u0249]","k":"[\\u006B\\u24DA\\uFF4B\\u1E31\\u01E9\\u1E33\\u0137\\u1E35\\u0199\\u2C6A\\uA741\\uA743\\uA745\\uA7A3]","l":"[\\u006C\\u24DB\\uFF4C\\u0140\\u013A\\u013E\\u1E37\\u1E39\\u013C\\u1E3D\\u1E3B\\u017F\\u0142\\u019A\\u026B\\u2C61\\uA749\\uA781\\uA747]","lj":"[\\u01C9]","m":"[\\u006D\\u24DC\\uFF4D\\u1E3F\\u1E41\\u1E43\\u0271\\u026F]","n":"[\\u006E\\u24DD\\uFF4E\\u01F9\\u0144\\u00F1\\u1E45\\u0148\\u1E47\\u0146\\u1E4B\\u1E49\\u019E\\u0272\\u0149\\uA791\\uA7A5]","nj":"[\\u01CC]","o":"[\\u006F\\u24DE\\uFF4F\\u00F2\\u00F3\\u00F4\\u1ED3\\u1ED1\\u1ED7\\u1ED5\\u00F5\\u1E4D\\u022D\\u1E4F\\u014D\\u1E51\\u1E53\\u014F\\u022F\\u0231\\u00F6\\u022B\\u1ECF\\u0151\\u01D2\\u020D\\u020F\\u01A1\\u1EDD\\u1EDB\\u1EE1\\u1EDF\\u1EE3\\u1ECD\\u1ED9\\u01EB\\u01ED\\u00F8\\u01FF\\u0254\\uA74B\\uA74D\\u0275]","oi":"[\\u01A3]","ou":"[\\u0223]","oo":"[\\uA74F]","p":"[\\u0070\\u24DF\\uFF50\\u1E55\\u1E57\\u01A5\\u1D7D\\uA751\\uA753\\uA755]","q":"[\\u0071\\u24E0\\uFF51\\u024B\\uA757\\uA759]","r":"[\\u0072\\u24E1\\uFF52\\u0155\\u1E59\\u0159\\u0211\\u0213\\u1E5B\\u1E5D\\u0157\\u1E5F\\u024D\\u027D\\uA75B\\uA7A7\\uA783]","s":"[\\u0073\\u24E2\\uFF53\\u015B\\u1E65\\u015D\\u1E61\\u0161\\u1E67\\u1E63\\u1E69\\u0219\\u015F\\u023F\\uA7A9\\uA785\\u1E9B]","ss":"[\\u00DF]","t":"[\\u0074\\u24E3\\uFF54\\u1E6B\\u1E97\\u0165\\u1E6D\\u021B\\u0163\\u1E71\\u1E6F\\u0167\\u01AD\\u0288\\u2C66\\uA787]","tz":"[\\uA729]","u":"[\\u0075\\u24E4\\uFF55\\u00F9\\u00FA\\u00FB\\u0169\\u1E79\\u016B\\u1E7B\\u016D\\u00FC\\u01DC\\u01D8\\u01D6\\u01DA\\u1EE7\\u016F\\u0171\\u01D4\\u0215\\u0217\\u01B0\\u1EEB\\u1EE9\\u1EEF\\u1EED\\u1EF1\\u1EE5\\u1E73\\u0173\\u1E77\\u1E75\\u0289]","v":"[\\u0076\\u24E5\\uFF56\\u1E7D\\u1E7F\\u028B\\uA75F\\u028C]","vy":"[\\uA761]","w":"[\\u0077\\u24E6\\uFF57\\u1E81\\u1E83\\u0175\\u1E87\\u1E85\\u1E98\\u1E89\\u2C73]","x":"[\\u0078\\u24E7\\uFF58\\u1E8B\\u1E8D]","y":"[\\u0079\\u24E8\\uFF59\\u1EF3\\u00FD\\u0177\\u1EF9\\u0233\\u1E8F\\u00FF\\u1EF7\\u1E99\\u1EF5\\u01B4\\u024F\\u1EFF]","z":"[\\u007A\\u24E9\\uFF5A\\u017A\\u1E91\\u017C\\u017E\\u1E93\\u1E95\\u01B6\\u0225\\u0240\\u2C6C\\uA763]"},"researchesTests":["contentHasTOC","contentHasShortParagraphs","contentHasAssets","keywordInTitle","keywordInMetaDescription","keywordInPermalink","keywordIn10Percent","keywordInContent","keywordInSubheadings","keywordInImageAlt","keywordDensity","keywordNotUsed","lengthContent","lengthPermalink","linksHasInternal","linksHasExternals","linksNotAllExternals","titleStartWithKeyword","titleSentiment","titleHasPowerWords","titleHasNumber","hasContentAI"],"hasRedirection":false,"hasBreadcrumb":false},"homeUrl":"https:\/\/www.ipc-africa.world\/vi","objectID":6,"objectType":"post","locale":"vi","localeFull":"vi","overlayImages":{"play":{"name":"Bi\u1ec3u t\u01b0\u1ee3ng ph\u00e1t","url":"https:\/\/www.ipc-africa.world\/wp-content\/plugins\/seo-by-rank-math\/assets\/admin\/img\/icon-play.png","path":"\/home\/ipcadminaf1\/public_html\/wp-content\/plugins\/seo-by-rank-math\/assets\/admin\/img\/icon-play.png","position":"middle_center"},"gif":{"name":"Bi\u1ec3u t\u01b0\u1ee3ng GIF","url":"https:\/\/www.ipc-africa.world\/wp-content\/plugins\/seo-by-rank-math\/assets\/admin\/img\/icon-gif.png","path":"\/home\/ipcadminaf1\/public_html\/wp-content\/plugins\/seo-by-rank-math\/assets\/admin\/img\/icon-gif.png","position":"middle_center"}},"defautOgImage":"https:\/\/www.ipc-africa.world\/wp-content\/uploads\/2025\/02\/social.jpg","customPermalinks":true,"isUserRegistered":false,"autoSuggestKeywords":false,"connectSiteUrl":"https:\/\/rankmath.com\/auth?site=https%3A%2F%2Fwww.ipc-africa.world%2Fvi&r=https%3A%2F%2Fwww.ipc-africa.world%2Fvi%2Fwp-json%2Fwp%2Fv2%2Fpages%2F6%3Fnonce%3Db29db29a3a","maxTags":5,"trendsIcon":"<svg viewBox=\"0 0 610 610\"><path d=\"M18.85,446,174.32,290.48l58.08,58.08L76.93,504a14.54,14.54,0,0,1-20.55,0L18.83,466.48a14.54,14.54,0,0,1,0-20.55Z\" style=\"fill:#4285f4\"\/><path d=\"M242.65,242.66,377.59,377.6l-47.75,47.75a14.54,14.54,0,0,1-20.55,0L174.37,290.43l47.75-47.75A14.52,14.52,0,0,1,242.65,242.66Z\" style=\"fill:#ea4335\"\/><polygon points=\"319.53 319.53 479.26 159.8 537.34 217.88 377.61 377.62 319.53 319.53\" style=\"fill:#fabb05\"\/><path d=\"M594.26,262.73V118.61h0a16.94,16.94,0,0,0-16.94-16.94H433.2a16.94,16.94,0,0,0-12,28.92L565.34,274.71h0a16.94,16.94,0,0,0,28.92-12Z\" style=\"fill:#34a853\"\/><rect width=\"610\" height=\"610\" style=\"fill:none\"\/><\/svg>","showScore":true,"siteFavIcon":"https:\/\/www.ipc-africa.world\/wp-content\/uploads\/2023\/02\/cropped-logo-32x32.png","canUser":{"general":false,"advanced":false,"snippet":false,"social":false,"analysis":false,"analytics":false,"content_ai":false},"isPro":false,"is_front_page":false,"trendsUpgradeLink":"https:\/\/rankmath.com\/pricing\/?utm_source=Plugin&utm_medium=CE%20General%20Tab%20Trends&utm_campaign=WP","trendsUpgradeLabel":"N\u00e2ng c\u1ea5p","trendsPreviewImage":"https:\/\/www.ipc-africa.world\/wp-content\/plugins\/seo-by-rank-math\/assets\/admin\/img\/trends-preview.jpg","currentEditor":false,"homepageData":{"assessor":{"powerWords":[],"diacritics":true,"researchesTests":["contentHasTOC","contentHasShortParagraphs","contentHasAssets","keywordInTitle","keywordInMetaDescription","keywordInPermalink","keywordIn10Percent","keywordInContent","keywordInSubheadings","keywordInImageAlt","keywordDensity","keywordNotUsed","lengthContent","lengthPermalink","linksHasInternal","linksHasExternals","linksNotAllExternals","titleStartWithKeyword","titleSentiment","titleHasPowerWords","titleHasNumber","hasContentAI"],"hasBreadcrumb":false,"serpData":{"title":"%sitename% %page% %sep% %sitedesc%","description":"","titleTemplate":"%sitename% %page% %sep% %sitedesc%","descriptionTemplate":"","focusKeywords":"","breadcrumbTitle":"Home","robots":{"index":true},"advancedRobots":[],"facebookTitle":"","facebookDescription":"","facebookImage":"","facebookImageID":""}}},"tocTitle":"Table of Contents","tocExcludeHeadings":[],"listStyle":"ul"},"_links":{"self":[{"href":"https:\/\/www.ipc-africa.world\/vi\/wp-json\/wp\/v2\/pages\/6","targetHints":{"allow":["GET"]}}],"collection":[{"href":"https:\/\/www.ipc-africa.world\/vi\/wp-json\/wp\/v2\/pages"}],"about":[{"href":"https:\/\/www.ipc-africa.world\/vi\/wp-json\/wp\/v2\/types\/page"}],"author":[{"embeddable":true,"href":"https:\/\/www.ipc-africa.world\/vi\/wp-json\/wp\/v2\/users\/1"}],"replies":[{"embeddable":true,"href":"https:\/\/www.ipc-africa.world\/vi\/wp-json\/wp\/v2\/comments?post=6"}],"version-history":[{"count":14,"href":"https:\/\/www.ipc-africa.world\/vi\/wp-json\/wp\/v2\/pages\/6\/revisions"}],"predecessor-version":[{"id":386,"href":"https:\/\/www.ipc-africa.world\/vi\/wp-json\/wp\/v2\/pages\/6\/revisions\/386"}],"wp:featuredmedia":[{"embeddable":true,"href":"https:\/\/www.ipc-africa.world\/vi\/wp-json\/wp\/v2\/media\/383"}],"wp:attachment":[{"href":"https:\/\/www.ipc-africa.world\/vi\/wp-json\/wp\/v2\/media?parent=6"}],"curies":[{"name":"wp","href":"https:\/\/api.w.org\/{rel}","templated":true}]}}