{"id":191,"date":"2023-02-02T17:45:22","date_gmt":"2023-02-02T17:45:22","guid":{"rendered":"https:\/\/www.ipc-africa.world\/?page_id=191"},"modified":"2023-02-02T18:45:54","modified_gmt":"2023-02-02T18:45:54","slug":"welcome-to-nigeria","status":"publish","type":"page","link":"https:\/\/www.ipc-africa.world\/vi\/welcome-to-nigeria\/","title":{"rendered":"Ch\u00e0o m\u1eebng \u0111\u1ebfn v\u1edbi Nigeria"},"content":{"rendered":"<figure class=\"wp-block-embed alignwide is-type-video is-provider-youtube wp-block-embed-youtube wp-embed-aspect-16-9 wp-has-aspect-ratio\"><div class=\"wp-block-embed__wrapper\">\n<iframe loading=\"lazy\" title=\"Ch\u00e0o m\u1eebng \u0111\u1ebfn v\u1edbi Nigeria... \u0110\u00e2y l\u00e0 Ch\u00e2u Phi!\" width=\"500\" height=\"281\" src=\"https:\/\/www.youtube.com\/embed\/1fiZi5mTzxI?feature=oembed\" frameborder=\"0\" allow=\"accelerometer; autoplay; clipboard-write; encrypted-media; gyroscope; picture-in-picture; web-share\" referrerpolicy=\"strict-origin-when-cross-origin\" allowfullscreen><\/iframe>\n<\/div><\/figure>\n\n\n\n<p>Nigeria n\u1eb1m \u1edf \u0110\u00f4ng Nam c\u1ee7a T\u00e2y Phi v\u00e0 c\u00f3 t\u00ean ch\u00ednh th\u1ee9c l\u00e0 C\u1ed9ng h\u00f2a Li\u00ean bang Nigeria. Qu\u1ed1c gia n\u00e0y l\u1ea5y t\u00ean t\u1eeb m\u1ed9t trong nh\u1eefng con s\u00f4ng l\u1edbn c\u1ee7a \u0111\u1ea5t n\u01b0\u1edbc, s\u00f4ng Niger, sau s\u1ef1 h\u1ee3p nh\u1ea5t c\u1ee7a V\u00f9ng b\u1ea3o h\u1ed9 mi\u1ec1n B\u1eafc v\u00e0 mi\u1ec1n Nam v\u00e0o n\u0103m 1914. \u0110i\u1ec1u n\u00e0y \u0111\u00e3 t\u1eadp h\u1ee3p h\u01a1n 400 nh\u00f3m d\u00e2n t\u1ed9c v\u00e0 b\u1ed9 l\u1ea1c \u0111\u1ec3 th\u00e0nh l\u1eadp Thu\u1ed9c \u0111\u1ecba Nigeria d\u01b0\u1edbi th\u1eddi Thu\u1ed9c \u0111\u1ecba Anh Ch\u00ednh ph\u1ee7.<\/p>\n\n\n\n<p>Nigeria gi\u00e0nh \u0111\u01b0\u1ee3c \u0111\u1ed9c l\u1eadp t\u1eeb \u0111\u1ebf qu\u1ed1c Anh v\u00e0o n\u0103m 1960 v\u00e0 tr\u1edf th\u00e0nh m\u1ed9t n\u01b0\u1edbc c\u1ed9ng h\u00f2a v\u00e0o n\u0103m 1963. Ngay sau khi gi\u00e0nh \u0111\u01b0\u1ee3c \u0111\u1ed9c l\u1eadp, Nigeria b\u1ecb l\u00f4i k\u00e9o v\u00e0o cu\u1ed9c n\u1ed9i chi\u1ebfn k\u00e9o d\u00e0i 30 th\u00e1ng gay g\u1eaft t\u1eeb n\u0103m 1967 \u0111\u1ebfn ng\u00e0y 15 th\u00e1ng 1 n\u0103m 1970 khi cu\u1ed9c xung \u0111\u1ed9t ch\u00ednh th\u1ee9c k\u1ebft th\u00fac. \u0110i\u1ec1u n\u00e0y d\u1eabn \u0111\u1ebfn c\u00e1c cu\u1ed9c \u0111\u1ea3o ch\u00ednh v\u00e0 ph\u1ea3n \u0111\u1ea3o ch\u00ednh li\u00ean ti\u1ebfp khi\u1ebfn Nigeria n\u1eb1m d\u01b0\u1edbi ch\u1ebf \u0111\u1ed9 \u0111\u1ed9c t\u00e0i qu\u00e2n s\u1ef1 trong 29 n\u0103m, ngo\u1ea1i tr\u1eeb kho\u1ea3ng th\u1eddi gian ng\u1eafn t\u1eeb n\u0103m 1979 \u0111\u1ebfn n\u0103m 1983. N\u1ec1n d\u00e2n ch\u1ee7 \u0111\u1ea1i di\u1ec7n tr\u1edf l\u1ea1i Nigeria v\u00e0o n\u0103m 1999.<\/p>\n\n\n\n<p>Nigeria l\u00e0 qu\u1ed1c gia \u0111\u00f4ng d\u00e2n nh\u1ea5t \u1edf ch\u00e2u Phi v\u1edbi d\u00e2n s\u1ed1 kho\u1ea3ng 211 tri\u1ec7u ng\u01b0\u1eddi. \u0110\u00e2y c\u0169ng l\u00e0 qu\u1ed1c gia \u0111\u00f4ng d\u00e2n th\u1ee9 b\u1ea3y tr\u00ean th\u1ebf gi\u1edbi v\u1edbi di\u1ec7n t\u00edch 923.768 km2 (g\u1ea5p kho\u1ea3ng b\u1ed1n l\u1ea7n di\u1ec7n t\u00edch c\u1ee7a V\u01b0\u01a1ng qu\u1ed1c Anh). Nigeria gi\u00e1p v\u1edbi ph\u00eda b\u1eafc c\u1ee7a Niger v\u00e0 Chad; ph\u00eda t\u00e2y gi\u00e1p C\u1ed9ng h\u00f2a B\u00e9nin; v\u00e0 v\u1ec1 ph\u00eda \u0111\u00f4ng b\u1edfi Cameroon. Nigeria c\u00f3 chung bi\u00ean gi\u1edbi bi\u1ec3n v\u1edbi Equatorial Guinea, Ghana v\u00e0 Sao Tome v\u00e0 Principe. Ti\u1ebfng Anh l\u00e0 ng\u00f4n ng\u1eef ch\u00ednh th\u1ee9c, trong khi Naira l\u00e0 ti\u1ec1n t\u1ec7 ch\u00ednh th\u1ee9c. Abuja l\u00e0 th\u1ee7 \u0111\u00f4 c\u1ee7a Nigeria trong khi Lagos l\u00e0 trung t\u00e2m th\u01b0\u01a1ng m\u1ea1i v\u00e0 l\u00e0 th\u00e0nh ph\u1ed1 l\u1edbn nh\u1ea5t x\u00e9t v\u1ec1 d\u00e2n s\u1ed1.<\/p>\n\n\n\n<p>Nigeria, gi\u1ed1ng nh\u01b0 h\u1ea7u h\u1ebft c\u00e1c qu\u1ed1c gia ch\u00e2u Phi, \u0111\u01b0\u1ee3c thi\u00ean nhi\u00ean \u01b0u \u0111\u00e3i v\u1edbi ngu\u1ed3n t\u00e0i nguy\u00ean thi\u00ean nhi\u00ean phong ph\u00fa. Ng\u01b0\u1eddi ta n\u00f3i r\u1eb1ng h\u1ea7u nh\u01b0 kh\u00f4ng c\u00f3 t\u00e0i nguy\u00ean thi\u00ean nhi\u00ean n\u00e0o m\u00e0 Nigeria kh\u00f4ng s\u1edf h\u1eefu v\u1edbi s\u1ed1 l\u01b0\u1ee3ng l\u1edbn ho\u1eb7c nh\u1ecf. Qu\u1ed1c gia n\u00e0y c\u0169ng \u0111\u01b0\u1ee3c \u01b0u \u0111\u00e3i v\u1edbi ngu\u1ed3n nh\u00e2n l\u1ef1c d\u1ed3i d\u00e0o. Nigeria c\u00f3 m\u1ed9t l\u1ef1c l\u01b0\u1ee3ng lao \u0111\u1ed9ng l\u00e0nh ngh\u1ec1 c\u00f3 th\u1ec3 c\u1ea1nh tranh thu\u1eadn l\u1ee3i v\u1edbi c\u00e1c \u0111\u1ed1i t\u00e1c n\u01b0\u1edbc ngo\u00e0i c\u1ee7a h\u1ecd. H\u1ea7u h\u1ebft nh\u1eefng ng\u01b0\u1eddi Nigeria r\u1eddi kh\u1ecfi \u0111\u1ea5t n\u01b0\u1edbc do kh\u00f3 kh\u0103n kinh t\u1ebf ho\u1eb7c ch\u1ebf \u0111\u1ed9 \u0111\u00e0n \u00e1p \u0111ang ghi d\u1ea5u \u1ea5n trong l\u0129nh v\u1ef1c khoa h\u1ecdc, k\u1ef9 thu\u1eadt, c\u00f4ng ngh\u1ec7, y h\u1ecdc v\u00e0 kinh doanh \u1edf c\u00e1c qu\u1ed1c gia kh\u00e1c nhau n\u01a1i h\u1ecd \u0111ang sinh s\u1ed1ng. qu\u1ea7n qu\u00e8<\/p>\n\n\n\n<p>C\u01a1 \u0111\u1ed1c gi\u00e1o l\u1ea7n \u0111\u1ea7u ti\u00ean \u0111\u1ebfn Nigeria v\u00e0o th\u1ebf k\u1ef7 15 th\u00f4ng qua c\u00e1c nh\u00e0 th\u00e1m hi\u1ec3m B\u1ed3 \u0110\u00e0o Nha nh\u01b0ng kh\u00f4ng th\u1ec3 b\u00e9n r\u1ec5 v\u00ec n\u00f3 b\u1ecb tr\u1ed9n l\u1eabn v\u1edbi th\u01b0\u01a1ng m\u1ea1i. Vi\u1ec7c th\u00e0nh l\u1eadp Gi\u00e1o h\u1ed9i \u1edf Nigeria l\u00e0 do \u0110\u1ee9c T\u1ed5ng Gi\u00e1m m\u1ee5c Ajayi Crowther, m\u1ed9t c\u1ef1u n\u00f4 l\u1ec7, sau khi \u0111\u01b0\u1ee3c tr\u1ea3 t\u1ef1 do \u0111\u00e3 quy\u1ebft \u0111\u1ecbnh tr\u1edf l\u1ea1i v\u1edbi t\u01b0 c\u00e1ch l\u00e0 m\u1ed9t nh\u00e0 truy\u1ec1n gi\u00e1o cho d\u00e2n t\u1ed9c c\u1ee7a m\u00ecnh, ng\u01b0\u1eddi Yoruba \u1edf T\u00e2y Nam Nigeria. C\u00e1c ho\u1ea1t \u0111\u1ed9ng truy\u1ec1n gi\u00e1o sau \u0111\u00f3 c\u1ee7a c\u00e1c nh\u00e0 truy\u1ec1n gi\u00e1o ph\u01b0\u01a1ng T\u00e2y \u0111\u00e3 ch\u1ee9ng ki\u1ebfn s\u1ef1 truy\u1ec1n b\u00e1 Ph\u00fac \u00e2m t\u1eeb mi\u1ec1n Nam Nigeria \u0111\u1ebfn mi\u1ec1n B\u1eafc v\u00e0 c\u00e1c v\u00f9ng kh\u00e1c c\u1ee7a \u0111\u1ea5t n\u01b0\u1edbc. Ng\u00e0y nay, kho\u1ea3ng 50% c\u1ee7a ng\u01b0\u1eddi Nigeria tuy\u00ean x\u01b0ng C\u01a1 \u0111\u1ed1c gi\u00e1o (c\u1ea3 tr\u00ean danh ngh\u0129a v\u00e0 ho\u1ea1t \u0111\u1ed9ng). Gi\u00e1o h\u1ed9i Nigeria \u0111ang t\u00edch c\u1ef1c tham gia v\u00e0o c\u00f4ng vi\u1ec7c truy\u1ec1n gi\u00e1o tr\u00ean kh\u1eafp<br>c\u00e1c qu\u1ed1c gia tr\u00ean th\u1ebf gi\u1edbi.<\/p>\n\n\n\n<p>Lu\u00f4n c\u00f3 s\u1ef1 \u0111\u00e0n \u00e1p c\u00e1c Kit\u00f4 h\u1eefu \u1edf Nigeria, nh\u01b0ng \u0111i\u1ec1u n\u00e0y t\u0103ng \u0111\u1ed9t bi\u1ebfn sau s\u1ef1 xu\u1ea5t hi\u1ec7n c\u1ee7a nh\u00f3m kh\u1ee7ng b\u1ed1 Boko Haram v\u00e0o n\u0103m 2009. C\u00e1c nh\u00f3m th\u00e1nh chi\u1ebfn kh\u00e1c c\u0169ng \u0111\u00e3 xu\u1ea5t hi\u1ec7n, nh\u01b0 Nh\u00e0 n\u01b0\u1edbc H\u1ed3i gi\u00e1o t\u1ec9nh T\u00e2y Phi (ISWAP), phi\u1ebfn qu\u00e2n Fulani Herders, v.v. \u0111\u00e3 m\u00f4 t\u1ea3 Nigeria l\u00e0 m\u1ed9t trong nh\u1eefng n\u01a1i kh\u00f3 kh\u0103n nh\u1ea5t \u0111\u1ec3 tr\u1edf th\u00e0nh m\u1ed9t C\u01a1 \u0111\u1ed1c nh\u00e2n trong th\u1ebf gi\u1edbi \u0111\u01b0\u01a1ng \u0111\u1ea1i. Nigeria \u0111\u01b0\u1ee3c x\u1ebfp h\u1ea1ng th\u1ee9 7 trong Danh s\u00e1ch Theo d\u00f5i Th\u1ebf gi\u1edbi trong s\u1ed1 50 qu\u1ed1c gia n\u01a1i c\u00e1c Kit\u00f4 h\u1eefu ph\u1ea3i \u0111\u1ed1i m\u1eb7t v\u1edbi cu\u1ed9c \u0111\u00e0n \u00e1p kh\u1eafc nghi\u1ec7t nh\u1ea5t.<\/p>\n\n\n\n<p>\u0110\u00e1ng bu\u1ed3n thay, cu\u1ed9c \u0111\u00e0n \u00e1p c\u00e1c Kit\u00f4 h\u1eefu \u1edf Nigeria \u0111\u00e3 \u0111\u01b0\u1ee3c b\u00e1o ch\u00ed ph\u01b0\u01a1ng T\u00e2y b\u00e1o c\u00e1o kh\u00f4ng \u0111\u1ea7y \u0111\u1ee7 ho\u1eb7c xuy\u00ean t\u1ea1c. Khi to\u00e0n b\u1ed9 c\u1ed9ng \u0111\u1ed3ng C\u01a1 \u0111\u1ed1c gi\u00e1o b\u1ecb san b\u1eb1ng v\u00e0 ng\u01b0\u1eddi d\u00e2n b\u1ecb t\u00e0n s\u00e1t, nguy\u00ean nh\u00e2n th\u01b0\u1eddng \u0111\u01b0\u1ee3c cho l\u00e0 do ch\u00ednh tr\u1ecb, t\u1ed9i ph\u1ea1m, th\u1ed5 ph\u1ec9, tranh ch\u1ea5p n\u00f4ng nghi\u1ec7p, ngh\u00e8o \u0111\u00f3i ho\u1eb7c th\u1eadm ch\u00ed l\u00e0 bi\u1ebfn \u0111\u1ed5i kh\u00ed h\u1eadu. C\u00e1c Kit\u00f4 h\u1eefu \u1edf mi\u1ec1n B\u1eafc Nigeria \u0111\u00e3 ph\u1ea3i ch\u1ecbu \u0111\u1ef1ng r\u1ea5t nhi\u1ec1u \u0111au kh\u1ed5 v\u00e0 ph\u1ea3i tr\u1ea3 gi\u00e1 r\u1ea5t \u0111\u1eaft cho \u0111\u1ee9c tin c\u1ee7a h\u1ecd, nh\u01b0ng nhi\u1ec1u ng\u01b0\u1eddi trong s\u1ed1 h\u1ecd v\u1eabn ki\u00ean tr\u00ec, quy\u1ebft t\u00e2m r\u1eb1ng \u00e1nh s\u00e1ng ph\u00fac \u00e2m s\u1ebd kh\u00f4ng b\u1ecb d\u1eadp t\u1eaft.<\/p>\n\n\n\n<p>C\u1ea7u nguy\u1ec7n \u0111\u00e3 l\u00e0 tr\u1ee5 c\u1ed9t c\u1ee7a nh\u00e0 th\u1edd Nigeria. B\u1ea5t ch\u1ea5p nh\u1eefng th\u00e1ch th\u1ee9c m\u00e0 Nigeria ph\u1ea3i \u0111\u1ed1i m\u1eb7t, nh\u00e0 th\u1edd v\u1eabn tin r\u1eb1ng Nigeria \u0111\u01b0\u1ee3c \u0111\u1ecbnh v\u1ecb \u0111\u1ec3 \u0111\u00f3ng m\u1ed9t vai tr\u00f2 quan tr\u1ecdng trong m\u00f9a g\u1eb7t to\u00e0n c\u1ea7u v\u00e0o th\u1eddi k\u1ef3 cu\u1ed1i c\u00f9ng.<\/p>","protected":false},"excerpt":{"rendered":"<p>Nigeria is in the Southeast of West Africa and is officially known as the Federal Republic of Nigeria. The nation got its name from one of the major rivers in the country, the River Niger, following the merger of the Northern and Southern Protectorates in 1914. This brought together over 400 ethnic and tribal groups [&hellip;]<\/p>\n","protected":false},"author":1,"featured_media":0,"parent":0,"menu_order":0,"comment_status":"closed","ping_status":"closed","template":"","meta":{"_acf_changed":false,"footnotes":""},"class_list":["post-191","page","type-page","status-publish","hentry"],"acf":[],"rankMath":{"parentDomain":"ipc-africa.world","noFollowDomains":[],"noFollowExcludeDomains":[],"noFollowExternalLinks":false,"featuredImageNotice":"H\u00ecnh \u1ea3nh n\u1ed5i b\u1eadt n\u00ean c\u00f3 k\u00edch th\u01b0\u1edbc \u00edt nh\u1ea5t 200 x 200 pixel \u0111\u1ec3 \u0111\u01b0\u1ee3c Facebook v\u00e0 c\u00e1c trang m\u1ea1ng x\u00e3 h\u1ed9i kh\u00e1c ch\u1ecdn.","pluginReviewed":false,"postSettings":{"linkSuggestions":true,"useFocusKeyword":false},"frontEndScore":false,"postName":"welcome-to-nigeria","permalinkFormat":"https:\/\/www.ipc-africa.world\/vi\/%pagename%\/","showLockModifiedDate":true,"assessor":{"focusKeywordLink":"https:\/\/www.ipc-africa.world\/wp-admin\/edit.php?focus_keyword=%focus_keyword%&post_type=%post_type%","hasTOCPlugin":false,"primaryTaxonomy":false,"serpData":{"title":"","description":"","focusKeywords":"","pillarContent":false,"canonicalUrl":"","breadcrumbTitle":"","advancedRobots":[],"facebookTitle":"","facebookDescription":"","facebookImage":"","facebookImageID":"","facebookHasOverlay":false,"facebookImageOverlay":"","facebookAuthor":"","twitterCardType":"","twitterUseFacebook":true,"twitterTitle":"","twitterDescription":"","twitterImage":"","twitterImageID":"","twitterHasOverlay":false,"twitterImageOverlay":"","twitterPlayerUrl":"","twitterPlayerSize":"","twitterPlayerStream":"","twitterPlayerStreamCtype":"","twitterAppDescription":"","twitterAppIphoneName":"","twitterAppIphoneID":"","twitterAppIphoneUrl":"","twitterAppIpadName":"","twitterAppIpadID":"","twitterAppIpadUrl":"","twitterAppGoogleplayName":"","twitterAppGoogleplayID":"","twitterAppGoogleplayUrl":"","twitterAppCountry":"","robots":{"index":true},"twitterAuthor":"t\u00ean ng\u01b0\u1eddi d\u00f9ng","primaryTerm":0,"authorName":"admin","titleTemplate":"%title% %sep% %sitename%","descriptionTemplate":"%excerpt%","showScoreFrontend":true,"lockModifiedDate":false},"powerWords":[],"diacritics":{"A":"[\\u0041\\u24B6\\uFF21\\u00C0\\u00C1\\u00C2\\u1EA6\\u1EA4\\u1EAA\\u1EA8\\u00C3\\u0100\\u0102\\u1EB0\\u1EAE\\u1EB4\\u1EB2\\u0226\\u01E0\\u00C4\\u01DE\\u1EA2\\u00C5\\u01FA\\u01CD\\u0200\\u0202\\u1EA0\\u1EAC\\u1EB6\\u1E00\\u0104\\u023A\\u2C6F]","AA":"[\\uA732]","AE":"[\\u00C6\\u01FC\\u01E2]","AO":"[\\uA734]","AU":"[\\uA736]","AV":"[\\uA738\\uA73A]","AY":"[\\uA73C]","B":"[\\u0042\\u24B7\\uFF22\\u1E02\\u1E04\\u1E06\\u0243\\u0182\\u0181]","C":"[\\u0043\\u24B8\\uFF23\\u0106\\u0108\\u010A\\u010C\\u00C7\\u1E08\\u0187\\u023B\\uA73E]","D":"[\\u0044\\u24B9\\uFF24\\u1E0A\\u010E\\u1E0C\\u1E10\\u1E12\\u1E0E\\u0110\\u018B\\u018A\\u0189\\uA779]","DZ":"[\\u01F1\\u01C4]","Dz":"[\\u01F2\\u01C5]","E":"[\\u0045\\u24BA\\uFF25\\u00C8\\u00C9\\u00CA\\u1EC0\\u1EBE\\u1EC4\\u1EC2\\u1EBC\\u0112\\u1E14\\u1E16\\u0114\\u0116\\u00CB\\u1EBA\\u011A\\u0204\\u0206\\u1EB8\\u1EC6\\u0228\\u1E1C\\u0118\\u1E18\\u1E1A\\u0190\\u018E]","F":"[\\u0046\\u24BB\\uFF26\\u1E1E\\u0191\\uA77B]","G":"[\\u0047\\u24BC\\uFF27\\u01F4\\u011C\\u1E20\\u011E\\u0120\\u01E6\\u0122\\u01E4\\u0193\\uA7A0\\uA77D\\uA77E]","H":"[\\u0048\\u24BD\\uFF28\\u0124\\u1E22\\u1E26\\u021E\\u1E24\\u1E28\\u1E2A\\u0126\\u2C67\\u2C75\\uA78D]","I":"[\\u0049\\u24BE\\uFF29\\u00CC\\u00CD\\u00CE\\u0128\\u012A\\u012C\\u0130\\u00CF\\u1E2E\\u1EC8\\u01CF\\u0208\\u020A\\u1ECA\\u012E\\u1E2C\\u0197]","J":"[\\u004A\\u24BF\\uFF2A\\u0134\\u0248]","K":"[\\u004B\\u24C0\\uFF2B\\u1E30\\u01E8\\u1E32\\u0136\\u1E34\\u0198\\u2C69\\uA740\\uA742\\uA744\\uA7A2]","L":"[\\u004C\\u24C1\\uFF2C\\u013F\\u0139\\u013D\\u1E36\\u1E38\\u013B\\u1E3C\\u1E3A\\u0141\\u023D\\u2C62\\u2C60\\uA748\\uA746\\uA780]","LJ":"[\\u01C7]","Lj":"[\\u01C8]","M":"[\\u004D\\u24C2\\uFF2D\\u1E3E\\u1E40\\u1E42\\u2C6E\\u019C]","N":"[\\u004E\\u24C3\\uFF2E\\u01F8\\u0143\\u00D1\\u1E44\\u0147\\u1E46\\u0145\\u1E4A\\u1E48\\u0220\\u019D\\uA790\\uA7A4]","NJ":"[\\u01CA]","Nj":"[\\u01CB]","O":"[\\u004F\\u24C4\\uFF2F\\u00D2\\u00D3\\u00D4\\u1ED2\\u1ED0\\u1ED6\\u1ED4\\u00D5\\u1E4C\\u022C\\u1E4E\\u014C\\u1E50\\u1E52\\u014E\\u022E\\u0230\\u00D6\\u022A\\u1ECE\\u0150\\u01D1\\u020C\\u020E\\u01A0\\u1EDC\\u1EDA\\u1EE0\\u1EDE\\u1EE2\\u1ECC\\u1ED8\\u01EA\\u01EC\\u00D8\\u01FE\\u0186\\u019F\\uA74A\\uA74C]","OI":"[\\u01A2]","OO":"[\\uA74E]","OU":"[\\u0222]","P":"[\\u0050\\u24C5\\uFF30\\u1E54\\u1E56\\u01A4\\u2C63\\uA750\\uA752\\uA754]","Q":"[\\u0051\\u24C6\\uFF31\\uA756\\uA758\\u024A]","R":"[\\u0052\\u24C7\\uFF32\\u0154\\u1E58\\u0158\\u0210\\u0212\\u1E5A\\u1E5C\\u0156\\u1E5E\\u024C\\u2C64\\uA75A\\uA7A6\\uA782]","S":"[\\u0053\\u24C8\\uFF33\\u1E9E\\u015A\\u1E64\\u015C\\u1E60\\u0160\\u1E66\\u1E62\\u1E68\\u0218\\u015E\\u2C7E\\uA7A8\\uA784]","T":"[\\u0054\\u24C9\\uFF34\\u1E6A\\u0164\\u1E6C\\u021A\\u0162\\u1E70\\u1E6E\\u0166\\u01AC\\u01AE\\u023E\\uA786]","TZ":"[\\uA728]","U":"[\\u0055\\u24CA\\uFF35\\u00D9\\u00DA\\u00DB\\u0168\\u1E78\\u016A\\u1E7A\\u016C\\u00DC\\u01DB\\u01D7\\u01D5\\u01D9\\u1EE6\\u016E\\u0170\\u01D3\\u0214\\u0216\\u01AF\\u1EEA\\u1EE8\\u1EEE\\u1EEC\\u1EF0\\u1EE4\\u1E72\\u0172\\u1E76\\u1E74\\u0244]","V":"[\\u0056\\u24CB\\uFF36\\u1E7C\\u1E7E\\u01B2\\uA75E\\u0245]","VY":"[\\uA760]","W":"[\\u0057\\u24CC\\uFF37\\u1E80\\u1E82\\u0174\\u1E86\\u1E84\\u1E88\\u2C72]","X":"[\\u0058\\u24CD\\uFF38\\u1E8A\\u1E8C]","Y":"[\\u0059\\u24CE\\uFF39\\u1EF2\\u00DD\\u0176\\u1EF8\\u0232\\u1E8E\\u0178\\u1EF6\\u1EF4\\u01B3\\u024E\\u1EFE]","Z":"[\\u005A\\u24CF\\uFF3A\\u0179\\u1E90\\u017B\\u017D\\u1E92\\u1E94\\u01B5\\u0224\\u2C7F\\u2C6B\\uA762]","a":"[\\u0061\\u24D0\\uFF41\\u1E9A\\u00E0\\u00E1\\u00E2\\u1EA7\\u1EA5\\u1EAB\\u1EA9\\u00E3\\u0101\\u0103\\u1EB1\\u1EAF\\u1EB5\\u1EB3\\u0227\\u01E1\\u00E4\\u01DF\\u1EA3\\u00E5\\u01FB\\u01CE\\u0201\\u0203\\u1EA1\\u1EAD\\u1EB7\\u1E01\\u0105\\u2C65\\u0250]","aa":"[\\uA733]","ae":"[\\u00E6\\u01FD\\u01E3]","ao":"[\\uA735]","au":"[\\uA737]","av":"[\\uA739\\uA73B]","ay":"[\\uA73D]","b":"[\\u0062\\u24D1\\uFF42\\u1E03\\u1E05\\u1E07\\u0180\\u0183\\u0253]","c":"[\\u0063\\u24D2\\uFF43\\u0107\\u0109\\u010B\\u010D\\u00E7\\u1E09\\u0188\\u023C\\uA73F\\u2184]","d":"[\\u0064\\u24D3\\uFF44\\u1E0B\\u010F\\u1E0D\\u1E11\\u1E13\\u1E0F\\u0111\\u018C\\u0256\\u0257\\uA77A]","dz":"[\\u01F3\\u01C6]","e":"[\\u0065\\u24D4\\uFF45\\u00E8\\u00E9\\u00EA\\u1EC1\\u1EBF\\u1EC5\\u1EC3\\u1EBD\\u0113\\u1E15\\u1E17\\u0115\\u0117\\u00EB\\u1EBB\\u011B\\u0205\\u0207\\u1EB9\\u1EC7\\u0229\\u1E1D\\u0119\\u1E19\\u1E1B\\u0247\\u025B\\u01DD]","f":"[\\u0066\\u24D5\\uFF46\\u1E1F\\u0192\\uA77C]","g":"[\\u0067\\u24D6\\uFF47\\u01F5\\u011D\\u1E21\\u011F\\u0121\\u01E7\\u0123\\u01E5\\u0260\\uA7A1\\u1D79\\uA77F]","h":"[\\u0068\\u24D7\\uFF48\\u0125\\u1E23\\u1E27\\u021F\\u1E25\\u1E29\\u1E2B\\u1E96\\u0127\\u2C68\\u2C76\\u0265]","hv":"[\\u0195]","i":"[\\u0069\\u24D8\\uFF49\\u00EC\\u00ED\\u00EE\\u0129\\u012B\\u012D\\u00EF\\u1E2F\\u1EC9\\u01D0\\u0209\\u020B\\u1ECB\\u012F\\u1E2D\\u0268\\u0131]","j":"[\\u006A\\u24D9\\uFF4A\\u0135\\u01F0\\u0249]","k":"[\\u006B\\u24DA\\uFF4B\\u1E31\\u01E9\\u1E33\\u0137\\u1E35\\u0199\\u2C6A\\uA741\\uA743\\uA745\\uA7A3]","l":"[\\u006C\\u24DB\\uFF4C\\u0140\\u013A\\u013E\\u1E37\\u1E39\\u013C\\u1E3D\\u1E3B\\u017F\\u0142\\u019A\\u026B\\u2C61\\uA749\\uA781\\uA747]","lj":"[\\u01C9]","m":"[\\u006D\\u24DC\\uFF4D\\u1E3F\\u1E41\\u1E43\\u0271\\u026F]","n":"[\\u006E\\u24DD\\uFF4E\\u01F9\\u0144\\u00F1\\u1E45\\u0148\\u1E47\\u0146\\u1E4B\\u1E49\\u019E\\u0272\\u0149\\uA791\\uA7A5]","nj":"[\\u01CC]","o":"[\\u006F\\u24DE\\uFF4F\\u00F2\\u00F3\\u00F4\\u1ED3\\u1ED1\\u1ED7\\u1ED5\\u00F5\\u1E4D\\u022D\\u1E4F\\u014D\\u1E51\\u1E53\\u014F\\u022F\\u0231\\u00F6\\u022B\\u1ECF\\u0151\\u01D2\\u020D\\u020F\\u01A1\\u1EDD\\u1EDB\\u1EE1\\u1EDF\\u1EE3\\u1ECD\\u1ED9\\u01EB\\u01ED\\u00F8\\u01FF\\u0254\\uA74B\\uA74D\\u0275]","oi":"[\\u01A3]","ou":"[\\u0223]","oo":"[\\uA74F]","p":"[\\u0070\\u24DF\\uFF50\\u1E55\\u1E57\\u01A5\\u1D7D\\uA751\\uA753\\uA755]","q":"[\\u0071\\u24E0\\uFF51\\u024B\\uA757\\uA759]","r":"[\\u0072\\u24E1\\uFF52\\u0155\\u1E59\\u0159\\u0211\\u0213\\u1E5B\\u1E5D\\u0157\\u1E5F\\u024D\\u027D\\uA75B\\uA7A7\\uA783]","s":"[\\u0073\\u24E2\\uFF53\\u015B\\u1E65\\u015D\\u1E61\\u0161\\u1E67\\u1E63\\u1E69\\u0219\\u015F\\u023F\\uA7A9\\uA785\\u1E9B]","ss":"[\\u00DF]","t":"[\\u0074\\u24E3\\uFF54\\u1E6B\\u1E97\\u0165\\u1E6D\\u021B\\u0163\\u1E71\\u1E6F\\u0167\\u01AD\\u0288\\u2C66\\uA787]","tz":"[\\uA729]","u":"[\\u0075\\u24E4\\uFF55\\u00F9\\u00FA\\u00FB\\u0169\\u1E79\\u016B\\u1E7B\\u016D\\u00FC\\u01DC\\u01D8\\u01D6\\u01DA\\u1EE7\\u016F\\u0171\\u01D4\\u0215\\u0217\\u01B0\\u1EEB\\u1EE9\\u1EEF\\u1EED\\u1EF1\\u1EE5\\u1E73\\u0173\\u1E77\\u1E75\\u0289]","v":"[\\u0076\\u24E5\\uFF56\\u1E7D\\u1E7F\\u028B\\uA75F\\u028C]","vy":"[\\uA761]","w":"[\\u0077\\u24E6\\uFF57\\u1E81\\u1E83\\u0175\\u1E87\\u1E85\\u1E98\\u1E89\\u2C73]","x":"[\\u0078\\u24E7\\uFF58\\u1E8B\\u1E8D]","y":"[\\u0079\\u24E8\\uFF59\\u1EF3\\u00FD\\u0177\\u1EF9\\u0233\\u1E8F\\u00FF\\u1EF7\\u1E99\\u1EF5\\u01B4\\u024F\\u1EFF]","z":"[\\u007A\\u24E9\\uFF5A\\u017A\\u1E91\\u017C\\u017E\\u1E93\\u1E95\\u01B6\\u0225\\u0240\\u2C6C\\uA763]"},"researchesTests":["contentHasTOC","contentHasShortParagraphs","contentHasAssets","keywordInTitle","keywordInMetaDescription","keywordInPermalink","keywordIn10Percent","keywordInContent","keywordInSubheadings","keywordInImageAlt","keywordDensity","keywordNotUsed","lengthContent","lengthPermalink","linksHasInternal","linksHasExternals","linksNotAllExternals","titleStartWithKeyword","titleSentiment","titleHasPowerWords","titleHasNumber","hasContentAI"],"hasRedirection":false,"hasBreadcrumb":false},"homeUrl":"https:\/\/www.ipc-africa.world\/vi","objectID":191,"objectType":"post","locale":"vi","localeFull":"vi","overlayImages":{"play":{"name":"Bi\u1ec3u t\u01b0\u1ee3ng ph\u00e1t","url":"https:\/\/www.ipc-africa.world\/wp-content\/plugins\/seo-by-rank-math\/assets\/admin\/img\/icon-play.png","path":"\/home\/ipcadminaf1\/public_html\/wp-content\/plugins\/seo-by-rank-math\/assets\/admin\/img\/icon-play.png","position":"middle_center"},"gif":{"name":"Bi\u1ec3u t\u01b0\u1ee3ng GIF","url":"https:\/\/www.ipc-africa.world\/wp-content\/plugins\/seo-by-rank-math\/assets\/admin\/img\/icon-gif.png","path":"\/home\/ipcadminaf1\/public_html\/wp-content\/plugins\/seo-by-rank-math\/assets\/admin\/img\/icon-gif.png","position":"middle_center"}},"defautOgImage":"https:\/\/www.ipc-africa.world\/wp-content\/uploads\/2025\/02\/social.jpg","customPermalinks":true,"isUserRegistered":false,"autoSuggestKeywords":false,"connectSiteUrl":"https:\/\/rankmath.com\/auth?site=https%3A%2F%2Fwww.ipc-africa.world%2Fvi&r=https%3A%2F%2Fwww.ipc-africa.world%2Fvi%2Fwp-json%2Fwp%2Fv2%2Fpages%2F191%3Fnonce%3Da1e7b5c26e","maxTags":5,"trendsIcon":"<svg viewBox=\"0 0 610 610\"><path d=\"M18.85,446,174.32,290.48l58.08,58.08L76.93,504a14.54,14.54,0,0,1-20.55,0L18.83,466.48a14.54,14.54,0,0,1,0-20.55Z\" style=\"fill:#4285f4\"\/><path d=\"M242.65,242.66,377.59,377.6l-47.75,47.75a14.54,14.54,0,0,1-20.55,0L174.37,290.43l47.75-47.75A14.52,14.52,0,0,1,242.65,242.66Z\" style=\"fill:#ea4335\"\/><polygon points=\"319.53 319.53 479.26 159.8 537.34 217.88 377.61 377.62 319.53 319.53\" style=\"fill:#fabb05\"\/><path d=\"M594.26,262.73V118.61h0a16.94,16.94,0,0,0-16.94-16.94H433.2a16.94,16.94,0,0,0-12,28.92L565.34,274.71h0a16.94,16.94,0,0,0,28.92-12Z\" style=\"fill:#34a853\"\/><rect width=\"610\" height=\"610\" style=\"fill:none\"\/><\/svg>","showScore":true,"siteFavIcon":"https:\/\/www.ipc-africa.world\/wp-content\/uploads\/2023\/02\/cropped-logo-32x32.png","canUser":{"general":false,"advanced":false,"snippet":false,"social":false,"analysis":false,"analytics":false,"content_ai":false},"isPro":false,"is_front_page":false,"trendsUpgradeLink":"https:\/\/rankmath.com\/pricing\/?utm_source=Plugin&utm_medium=CE%20General%20Tab%20Trends&utm_campaign=WP","trendsUpgradeLabel":"N\u00e2ng c\u1ea5p","trendsPreviewImage":"https:\/\/www.ipc-africa.world\/wp-content\/plugins\/seo-by-rank-math\/assets\/admin\/img\/trends-preview.jpg","currentEditor":false,"homepageData":{"assessor":{"powerWords":[],"diacritics":true,"researchesTests":["contentHasTOC","contentHasShortParagraphs","contentHasAssets","keywordInTitle","keywordInMetaDescription","keywordInPermalink","keywordIn10Percent","keywordInContent","keywordInSubheadings","keywordInImageAlt","keywordDensity","keywordNotUsed","lengthContent","lengthPermalink","linksHasInternal","linksHasExternals","linksNotAllExternals","titleStartWithKeyword","titleSentiment","titleHasPowerWords","titleHasNumber","hasContentAI"],"hasBreadcrumb":false,"serpData":{"title":"%sitename% %page% %sep% %sitedesc%","description":"","titleTemplate":"%sitename% %page% %sep% %sitedesc%","descriptionTemplate":"","focusKeywords":"","breadcrumbTitle":"Home","robots":{"index":true},"advancedRobots":[],"facebookTitle":"","facebookDescription":"","facebookImage":"","facebookImageID":""}}},"tocTitle":"Table of Contents","tocExcludeHeadings":[],"listStyle":"ul"},"_links":{"self":[{"href":"https:\/\/www.ipc-africa.world\/vi\/wp-json\/wp\/v2\/pages\/191","targetHints":{"allow":["GET"]}}],"collection":[{"href":"https:\/\/www.ipc-africa.world\/vi\/wp-json\/wp\/v2\/pages"}],"about":[{"href":"https:\/\/www.ipc-africa.world\/vi\/wp-json\/wp\/v2\/types\/page"}],"author":[{"embeddable":true,"href":"https:\/\/www.ipc-africa.world\/vi\/wp-json\/wp\/v2\/users\/1"}],"replies":[{"embeddable":true,"href":"https:\/\/www.ipc-africa.world\/vi\/wp-json\/wp\/v2\/comments?post=191"}],"version-history":[{"count":4,"href":"https:\/\/www.ipc-africa.world\/vi\/wp-json\/wp\/v2\/pages\/191\/revisions"}],"predecessor-version":[{"id":232,"href":"https:\/\/www.ipc-africa.world\/vi\/wp-json\/wp\/v2\/pages\/191\/revisions\/232"}],"wp:attachment":[{"href":"https:\/\/www.ipc-africa.world\/vi\/wp-json\/wp\/v2\/media?parent=191"}],"curies":[{"name":"wp","href":"https:\/\/api.w.org\/{rel}","templated":true}]}}